{"id":15,"date":"2018-08-09T05:51:41","date_gmt":"2018-08-09T07:51:41","guid":{"rendered":"http:\/\/toks.lt\/?page_id=15"},"modified":"2026-03-17T08:51:38","modified_gmt":"2026-03-17T06:51:38","slug":"kontaktai","status":"publish","type":"page","link":"https:\/\/toks.lt\/en\/kontaktai\/","title":{"rendered":"Contacts"},"content":{"rendered":"<p><\/p>\n<h1 style=\"text-align: center;\"><span style=\"font-size: 36pt;\">Contacts and information<\/span><\/h1>\n<p>&nbsp;<\/p>\n<p><span style=\"font-size: 14pt;\"><strong>UAB Tolimojo keleivinio transporto kompanija<\/strong><\/span><br \/>\n<span style=\"font-size: 14pt;\">Sod\u0173 str. 22, LT-03211, Vilnius, Lithuania<\/span><\/p>\n<p><span style=\"font-size: 14pt;\">Company code 123836945<\/span><br \/>\n<span style=\"font-size: 14pt;\">VAT Code LT238369417<\/span><br \/>\n<span style=\"font-size: 14pt;\">Bank acc. no. LT98 2140 0300 0284 2796<\/span><br \/>\n<span style=\"font-size: 14pt;\">Luminor Bank AS<\/span><\/p>\n<p>&nbsp;<\/p>\n<table style=\"border-collapse: collapse; width: 49.2386%; height: 400px;\">\n<tbody>\n<tr style=\"height: 56px;\">\n<td style=\"width: 208.797px; text-align: center; height: 56px;\"><span style=\"font-size: 14pt;\">Information<\/span><\/td>\n<td style=\"width: 290.844px; text-align: center; height: 56px;\"><span style=\"font-size: 14pt;\">Tel. <a href=\"http:\/\/toks.lt\/kontaktai\/\">+370 612 66166<\/a><\/span><br \/>\n<span style=\"font-size: 14pt;\">Email <a href=\"mailto:\">info@toks.lt<\/a><\/span><\/td>\n<td style=\"width: 169.359px; text-align: center; height: 56px;\">\n<p><span style=\"font-size: 14pt;\">I-VII 07.00-19.00<\/span><\/p>\n<\/td>\n<\/tr>\n<tr style=\"height: 80px;\">\n<td style=\"width: 208.797px; text-align: center; height: 80px;\"><span style=\"font-size: 14pt;\">Reviews and quality control<\/span><\/td>\n<td style=\"width: 290.844px; text-align: center; height: 80px;\"><span style=\"font-size: 14pt;\">Email <a href=\"kokybe@toks.lt\">kokybe@toks.lt<\/a><\/span><\/td>\n<td style=\"width: 169.359px; text-align: center; height: 80px;\">\n<p><span style=\"font-size: 14pt;\">I-IV 07.00-15.45<\/span><\/p>\n<p><span style=\"font-size: 14pt;\">V-07.00-14.30<\/span><\/td>\n<\/tr>\n<tr style=\"height: 80px;\">\n<td style=\"width: 208.797px; text-align: center; height: 80px;\"><span style=\"font-size: 14pt;\">Bus lease<\/span><\/td>\n<td style=\"width: 290.844px; text-align: center; height: 80px;\"><span style=\"font-size: 14pt;\">Tel. <a href=\"call%20to:\">+370 698 40881<\/a><\/span><br \/>\n<span style=\"font-size: 14pt;\">Email <a href=\"mailto:\">nuoma@toks.lt<\/a><\/span><\/td>\n<td style=\"width: 169.359px; text-align: center; height: 80px;\">\n<p><span style=\"font-size: 14pt;\">I-IV 07.00-15.45<\/span><\/p>\n<p><span style=\"font-size: 14pt;\">V-07.00-14.30<\/span><\/td>\n<\/tr>\n<tr style=\"height: 48px;\">\n<td style=\"width: 208.797px; text-align: center; height: 48px;\"><span style=\"font-size: 14pt;\">Roadside assistance<\/span><\/td>\n<td style=\"width: 290.844px; text-align: center; height: 48px;\"><span style=\"font-size: 14pt;\">Tel. <a href=\"call%20to:\">+370 611 14400<\/a> <\/span><br \/>\n<span style=\"font-size: 14pt;\">Email <a href=\"mailto:\">sos@toks.lt<\/a><\/span><\/td>\n<td style=\"width: 169.359px; text-align: center; height: 48px;\"><span style=\"font-size: 14pt;\">I-VII &#8211; 24\/7<\/span><\/td>\n<\/tr>\n<tr style=\"height: 80px;\">\n<td style=\"width: 208.797px; text-align: center; height: 80px;\"><span style=\"font-size: 18.6667px;\">Commercial offers, collaboration, advertising<\/span><\/td>\n<td style=\"width: 290.844px; text-align: center; height: 80px;\"><span style=\"font-size: 14pt;\">Tel. <a href=\"tel:+37069403211\">+370 694 03211<\/a><\/span><br \/>\n<span style=\"font-size: 14pt;\">Email <a href=\"mailto:\">projektai@toks.lt<\/a><\/span><\/td>\n<td style=\"width: 169.359px; text-align: center; height: 80px;\">\n<p><span style=\"font-size: 14pt;\">I-IV 07.00-15.45<\/span><\/p>\n<p><span style=\"font-size: 14pt;\">V-07.00-14.30<\/span><\/td>\n<\/tr>\n<tr style=\"height: 56px;\">\n<td style=\"width: 208.797px; text-align: center; height: 56px;\"><span style=\"font-size: 14pt;\">Invoices<\/span><\/td>\n<td style=\"width: 290.844px; text-align: center; height: 56px;\"><span style=\"font-size: 14pt;\">Email <a href=\"mailto:\">saskaitos@toks.lt<\/a><\/span><\/td>\n<td style=\"width: 169.359px; text-align: center; height: 56px;\">\n<p><span style=\"font-size: 14pt;\">&#8211;<\/span><\/p>\n<\/td>\n<\/tr>\n<\/tbody>\n<\/table>\n<p>&nbsp;<\/p>\n<p>&nbsp;<\/p>\n<p><\/p>","protected":false},"excerpt":{"rendered":"<p>Contacts and information &nbsp; UAB Tolimojo keleivinio transporto kompanija Sod\u0173 str. 22, LT-03211, Vilnius, Lithuania Company code 123836945 VAT Code LT238369417 Bank acc. no. LT98 2140 0300 0284 2796 Luminor \u2026<\/p>\n","protected":false},"author":3,"featured_media":2039,"parent":0,"menu_order":0,"comment_status":"closed","ping_status":"closed","template":"","meta":{"_monsterinsights_skip_tracking":false,"_monsterinsights_sitenote_active":false,"_monsterinsights_sitenote_note":"","_monsterinsights_sitenote_category":0,"footnotes":""},"class_list":["post-15","page","type-page","status-publish","has-post-thumbnail","hentry"],"yoast_head":"<!-- This site is optimized with the Yoast SEO plugin v27.4 - https:\/\/yoast.com\/product\/yoast-seo-wordpress\/ -->\n<title>Contacts - Toks.lt<\/title>\n<meta name=\"description\" content=\"Norite susisiekti su mumis tiesiogiai? Visuomet lauksime J\u016bs\u0173 lai\u0161k\u0173 ar skambu\u010di\u0173 \u012fvairiais klausimais. TOKS kontaktai.\" \/>\n<meta name=\"robots\" content=\"index, follow, max-snippet:-1, max-image-preview:large, max-video-preview:-1\" \/>\n<link rel=\"canonical\" href=\"https:\/\/toks.lt\/en\/kontaktai\/\" \/>\n<meta property=\"og:locale\" content=\"en_US\" \/>\n<meta property=\"og:type\" content=\"article\" \/>\n<meta property=\"og:title\" content=\"Contacts - Toks.lt\" \/>\n<meta property=\"og:description\" content=\"Norite susisiekti su mumis tiesiogiai? Visuomet lauksime J\u016bs\u0173 lai\u0161k\u0173 ar skambu\u010di\u0173 \u012fvairiais klausimais. TOKS kontaktai.\" \/>\n<meta property=\"og:url\" content=\"https:\/\/toks.lt\/en\/kontaktai\/\" \/>\n<meta property=\"og:site_name\" content=\"Toks.lt\" \/>\n<meta property=\"article:publisher\" content=\"https:\/\/www.facebook.com\/TOKS.LT\/\" \/>\n<meta property=\"article:modified_time\" content=\"2026-03-17T06:51:38+00:00\" \/>\n<meta property=\"og:image\" content=\"https:\/\/toks.lt\/wp-content\/uploads\/2023\/10\/toks.lt-puslapiu-headeriai-19.png\" \/>\n\t<meta property=\"og:image:width\" content=\"1920\" \/>\n\t<meta property=\"og:image:height\" content=\"241\" \/>\n\t<meta property=\"og:image:type\" content=\"image\/png\" \/>\n<meta name=\"twitter:card\" content=\"summary_large_image\" \/>\n<meta name=\"twitter:label1\" content=\"Est. reading time\" \/>\n\t<meta name=\"twitter:data1\" content=\"1 minute\" \/>\n<script type=\"application\/ld+json\" class=\"yoast-schema-graph\">{\"@context\":\"https:\\\/\\\/schema.org\",\"@graph\":[{\"@type\":\"WebPage\",\"@id\":\"https:\\\/\\\/toks.lt\\\/en\\\/kontaktai\\\/\",\"url\":\"https:\\\/\\\/toks.lt\\\/en\\\/kontaktai\\\/\",\"name\":\"Contacts - Toks.lt\",\"isPartOf\":{\"@id\":\"https:\\\/\\\/toks.lt\\\/en\\\/#website\"},\"primaryImageOfPage\":{\"@id\":\"https:\\\/\\\/toks.lt\\\/en\\\/kontaktai\\\/#primaryimage\"},\"image\":{\"@id\":\"https:\\\/\\\/toks.lt\\\/kontaktai\\\/#primaryimage\"},\"thumbnailUrl\":\"https:\\\/\\\/toks.lt\\\/wp-content\\\/uploads\\\/2023\\\/10\\\/toks.lt-puslapiu-headeriai-19.png\",\"datePublished\":\"2018-08-09T07:51:41+00:00\",\"dateModified\":\"2026-03-17T06:51:38+00:00\",\"description\":\"Norite susisiekti su mumis tiesiogiai? Visuomet lauksime J\u016bs\u0173 lai\u0161k\u0173 ar skambu\u010di\u0173 \u012fvairiais klausimais. TOKS kontaktai.\",\"breadcrumb\":{\"@id\":\"https:\\\/\\\/toks.lt\\\/en\\\/kontaktai\\\/#breadcrumb\"},\"inLanguage\":\"en-US\",\"potentialAction\":[{\"@type\":\"ReadAction\",\"target\":[[\"https:\\\/\\\/toks.lt\\\/en\\\/kontaktai\\\/\"]]}]},{\"@type\":\"ImageObject\",\"inLanguage\":\"en-US\",\"@id\":\"https:\\\/\\\/toks.lt\\\/en\\\/kontaktai\\\/#primaryimage\",\"url\":\"https:\\\/\\\/toks.lt\\\/wp-content\\\/uploads\\\/2023\\\/10\\\/toks.lt-puslapiu-headeriai-19.png\",\"contentUrl\":\"https:\\\/\\\/toks.lt\\\/wp-content\\\/uploads\\\/2023\\\/10\\\/toks.lt-puslapiu-headeriai-19.png\",\"width\":1920,\"height\":241},{\"@type\":\"BreadcrumbList\",\"@id\":\"https:\\\/\\\/toks.lt\\\/en\\\/kontaktai\\\/#breadcrumb\",\"itemListElement\":[{\"@type\":\"ListItem\",\"position\":1,\"name\":\"Home\",\"item\":\"https:\\\/\\\/toks.lt\\\/en\\\/\"},{\"@type\":\"ListItem\",\"position\":2,\"name\":\"Kontaktai\"}]},{\"@type\":\"WebSite\",\"@id\":\"https:\\\/\\\/toks.lt\\\/en\\\/#website\",\"url\":\"https:\\\/\\\/toks.lt\\\/en\\\/\",\"name\":\"Toks.lt\",\"description\":\"UAB &quot;Tolimojo keleivinio transporto kompanija&quot;\",\"potentialAction\":[{\"@type\":\"SearchAction\",\"target\":{\"@type\":\"EntryPoint\",\"urlTemplate\":\"https:\\\/\\\/toks.lt\\\/en\\\/?s={search_term_string}\"},\"query-input\":{\"@type\":\"PropertyValueSpecification\",\"valueRequired\":true,\"valueName\":\"search_term_string\"}}],\"inLanguage\":\"en-US\"}]}<\/script>\n<!-- \/ Yoast SEO plugin. -->","yoast_head_json":{"title":"Contacts - Toks.lt","description":"Norite susisiekti su mumis tiesiogiai? Visuomet lauksime J\u016bs\u0173 lai\u0161k\u0173 ar skambu\u010di\u0173 \u012fvairiais klausimais. TOKS kontaktai.","robots":{"index":"index","follow":"follow","max-snippet":"max-snippet:-1","max-image-preview":"max-image-preview:large","max-video-preview":"max-video-preview:-1"},"canonical":"https:\/\/toks.lt\/en\/kontaktai\/","og_locale":"en_US","og_type":"article","og_title":"Contacts - Toks.lt","og_description":"Norite susisiekti su mumis tiesiogiai? Visuomet lauksime J\u016bs\u0173 lai\u0161k\u0173 ar skambu\u010di\u0173 \u012fvairiais klausimais. TOKS kontaktai.","og_url":"https:\/\/toks.lt\/en\/kontaktai\/","og_site_name":"Toks.lt","article_publisher":"https:\/\/www.facebook.com\/TOKS.LT\/","article_modified_time":"2026-03-17T06:51:38+00:00","og_image":[{"width":1920,"height":241,"url":"https:\/\/toks.lt\/wp-content\/uploads\/2023\/10\/toks.lt-puslapiu-headeriai-19.png","type":"image\/png"}],"twitter_card":"summary_large_image","twitter_misc":{"Est. reading time":"1 minute"},"schema":{"@context":"https:\/\/schema.org","@graph":[{"@type":"WebPage","@id":"https:\/\/toks.lt\/en\/kontaktai\/","url":"https:\/\/toks.lt\/en\/kontaktai\/","name":"Contacts - Toks.lt","isPartOf":{"@id":"https:\/\/toks.lt\/en\/#website"},"primaryImageOfPage":{"@id":"https:\/\/toks.lt\/en\/kontaktai\/#primaryimage"},"image":{"@id":"https:\/\/toks.lt\/kontaktai\/#primaryimage"},"thumbnailUrl":"https:\/\/toks.lt\/wp-content\/uploads\/2023\/10\/toks.lt-puslapiu-headeriai-19.png","datePublished":"2018-08-09T07:51:41+00:00","dateModified":"2026-03-17T06:51:38+00:00","description":"Norite susisiekti su mumis tiesiogiai? Visuomet lauksime J\u016bs\u0173 lai\u0161k\u0173 ar skambu\u010di\u0173 \u012fvairiais klausimais. TOKS kontaktai.","breadcrumb":{"@id":"https:\/\/toks.lt\/en\/kontaktai\/#breadcrumb"},"inLanguage":"en-US","potentialAction":[{"@type":"ReadAction","target":[["https:\/\/toks.lt\/en\/kontaktai\/"]]}]},{"@type":"ImageObject","inLanguage":"en-US","@id":"https:\/\/toks.lt\/en\/kontaktai\/#primaryimage","url":"https:\/\/toks.lt\/wp-content\/uploads\/2023\/10\/toks.lt-puslapiu-headeriai-19.png","contentUrl":"https:\/\/toks.lt\/wp-content\/uploads\/2023\/10\/toks.lt-puslapiu-headeriai-19.png","width":1920,"height":241},{"@type":"BreadcrumbList","@id":"https:\/\/toks.lt\/en\/kontaktai\/#breadcrumb","itemListElement":[{"@type":"ListItem","position":1,"name":"Home","item":"https:\/\/toks.lt\/en\/"},{"@type":"ListItem","position":2,"name":"Kontaktai"}]},{"@type":"WebSite","@id":"https:\/\/toks.lt\/en\/#website","url":"https:\/\/toks.lt\/en\/","name":"Toks.lt","description":"UAB &quot;Tolimojo keleivinio transporto kompanija&quot;","potentialAction":[{"@type":"SearchAction","target":{"@type":"EntryPoint","urlTemplate":"https:\/\/toks.lt\/en\/?s={search_term_string}"},"query-input":{"@type":"PropertyValueSpecification","valueRequired":true,"valueName":"search_term_string"}}],"inLanguage":"en-US"}]}},"rttpg_featured_image_url":{"full":["https:\/\/toks.lt\/wp-content\/uploads\/2023\/10\/toks.lt-puslapiu-headeriai-19.png",1920,241,false],"landscape":["https:\/\/toks.lt\/wp-content\/uploads\/2023\/10\/toks.lt-puslapiu-headeriai-19.png",1920,241,false],"portraits":["https:\/\/toks.lt\/wp-content\/uploads\/2023\/10\/toks.lt-puslapiu-headeriai-19.png",1920,241,false],"thumbnail":["https:\/\/toks.lt\/wp-content\/uploads\/2023\/10\/toks.lt-puslapiu-headeriai-19-243x137.png",243,137,true],"medium":["https:\/\/toks.lt\/wp-content\/uploads\/2023\/10\/toks.lt-puslapiu-headeriai-19-365x46.png",365,46,true],"large":["https:\/\/toks.lt\/wp-content\/uploads\/2023\/10\/toks.lt-puslapiu-headeriai-19-1024x129.png",1024,129,true],"1536x1536":["https:\/\/toks.lt\/wp-content\/uploads\/2023\/10\/toks.lt-puslapiu-headeriai-19-1536x193.png",1536,193,true],"2048x2048":["https:\/\/toks.lt\/wp-content\/uploads\/2023\/10\/toks.lt-puslapiu-headeriai-19.png",1920,241,false],"slideshow":["https:\/\/toks.lt\/wp-content\/uploads\/2023\/10\/toks.lt-puslapiu-headeriai-19.png",1920,241,false],"promo":["https:\/\/toks.lt\/wp-content\/uploads\/2023\/10\/toks.lt-puslapiu-headeriai-19-190x80.png",190,80,true],"pramogos":["https:\/\/toks.lt\/wp-content\/uploads\/2023\/10\/toks.lt-puslapiu-headeriai-19-812x241.png",812,241,true],"bus":["https:\/\/toks.lt\/wp-content\/uploads\/2023\/10\/toks.lt-puslapiu-headeriai-19-812x241.png",812,241,true],"article-view":["https:\/\/toks.lt\/wp-content\/uploads\/2023\/10\/toks.lt-puslapiu-headeriai-19-280x156.png",280,156,true]},"rttpg_author":{"display_name":"TOKS","author_link":"https:\/\/toks.lt\/en\/autorius\/admin\/"},"rttpg_comment":0,"rttpg_category":null,"rttpg_excerpt":"Contacts and information &nbsp; UAB Tolimojo keleivinio transporto kompanija Sod\u0173 str. 22, LT-03211, Vilnius, Lithuania Company code 123836945 VAT Code LT238369417 Bank acc. no. LT98 2140 0300 0284 2796 Luminor \u2026","_links":{"self":[{"href":"https:\/\/toks.lt\/en\/wp-json\/wp\/v2\/pages\/15","targetHints":{"allow":["GET"]}}],"collection":[{"href":"https:\/\/toks.lt\/en\/wp-json\/wp\/v2\/pages"}],"about":[{"href":"https:\/\/toks.lt\/en\/wp-json\/wp\/v2\/types\/page"}],"author":[{"embeddable":true,"href":"https:\/\/toks.lt\/en\/wp-json\/wp\/v2\/users\/3"}],"replies":[{"embeddable":true,"href":"https:\/\/toks.lt\/en\/wp-json\/wp\/v2\/comments?post=15"}],"version-history":[{"count":55,"href":"https:\/\/toks.lt\/en\/wp-json\/wp\/v2\/pages\/15\/revisions"}],"predecessor-version":[{"id":5299,"href":"https:\/\/toks.lt\/en\/wp-json\/wp\/v2\/pages\/15\/revisions\/5299"}],"wp:featuredmedia":[{"embeddable":true,"href":"https:\/\/toks.lt\/en\/wp-json\/wp\/v2\/media\/2039"}],"wp:attachment":[{"href":"https:\/\/toks.lt\/en\/wp-json\/wp\/v2\/media?parent=15"}],"curies":[{"name":"wp","href":"https:\/\/api.w.org\/{rel}","templated":true}]}}