{"id":115,"date":"2018-08-20T05:47:28","date_gmt":"2018-08-20T07:47:28","guid":{"rendered":"http:\/\/toks.lt\/?page_id=115"},"modified":"2025-10-17T12:40:52","modified_gmt":"2025-10-17T10:40:52","slug":"karjera","status":"publish","type":"page","link":"https:\/\/toks.lt\/en\/karjera\/","title":{"rendered":"Career"},"content":{"rendered":"<p><\/p>\n<div class=\"col-sm-4 col-md-3 sidebar\">\n<div class=\"side_item blue_light_bg\">\n<h1 style=\"text-align: center;\"><span style=\"font-size: 36pt;\">Career at TOKS<\/span><\/h1>\n<h2 style=\"text-align: center;\"><span style=\"font-size: 24pt;\">Want to work at a constantly growing community? Join us!<\/span><\/h2>\n<p>&nbsp;<\/p>\n<p><span style=\"font-size: 14pt;\">We are currently looking for*:<\/span><\/p>\n<p style=\"text-align: left;\"><span style=\"font-size: 18pt;\">&#8211; Bus drivers;<\/span><\/p>\n<p style=\"text-align: left;\"><span style=\"font-size: 14pt;\">&#8211; Mechanics;<\/span><\/p>\n<p style=\"text-align: left;\"><span style=\"font-size: 14pt;\">&#8211; Junior mechanics;<\/span><\/p>\n<p style=\"text-align: left;\"><span style=\"font-size: 14pt;\">&#8211; Bus polishers;<\/span><\/p>\n<p style=\"text-align: left;\"><span style=\"font-size: 14pt;\">&#8211; Bus cleaners.<\/span><\/p>\n<\/div>\n<p>*In all positions we strongly recommend to have atleast basic Lithuanian\/Russian language proficiency.\u00a0<\/p>\n<p>&nbsp;<\/p>\n<p style=\"text-align: left;\"><span style=\"font-size: 14pt;\"><img decoding=\"async\" class=\"alignnone size-full wp-image-2034\" src=\"https:\/\/toks.lt\/wp-content\/uploads\/2023\/10\/Toks.lt-pics-in-the-middle-5.png\" alt=\"\" width=\"700\" height=\"180\" srcset=\"https:\/\/toks.lt\/wp-content\/uploads\/2023\/10\/Toks.lt-pics-in-the-middle-5.png 700w, https:\/\/toks.lt\/wp-content\/uploads\/2023\/10\/Toks.lt-pics-in-the-middle-5-365x94.png 365w\" sizes=\"(max-width: 700px) 100vw, 700px\" \/><\/span><\/p>\n<p style=\"text-align: left;\"><span style=\"font-size: 14pt;\"><br \/>\n<\/span><span style=\"font-size: 14pt;\">Want to work, but have no experience or required skills? No problem! We&#8217;ll teach everything you might need and offer all the necessary help for new drivers.<\/span><\/p>\n<p>&nbsp;<\/p>\n<p style=\"text-align: left;\"><span style=\"font-size: 14pt;\">Got more questions? Don&#8217;t hesitate to reach out at <strong>+370 612 27218<\/strong>\u00a0or <strong>personalas@toks.lt<\/strong>.<\/span><\/p>\n<p>&nbsp;<\/p>\n<\/div>\n<h1>\u00a0<\/h1>\n<p><\/p>","protected":false},"excerpt":{"rendered":"<p>Career at TOKS Want to work at a constantly growing community? Join us! &nbsp; We are currently looking for*: &#8211; Bus drivers; &#8211; Mechanics; &#8211; Junior mechanics; &#8211; Bus polishers; \u2026<\/p>\n","protected":false},"author":3,"featured_media":2035,"parent":0,"menu_order":0,"comment_status":"closed","ping_status":"closed","template":"","meta":{"_monsterinsights_skip_tracking":false,"_monsterinsights_sitenote_active":false,"_monsterinsights_sitenote_note":"","_monsterinsights_sitenote_category":0,"footnotes":""},"class_list":["post-115","page","type-page","status-publish","has-post-thumbnail","hentry"],"yoast_head":"<!-- This site is optimized with the Yoast SEO plugin v27.3 - https:\/\/yoast.com\/product\/yoast-seo-wordpress\/ -->\n<title>Career - Toks.lt<\/title>\n<meta name=\"description\" content=\"Karjera su TOKS. Darbas keleivi\u0173 transporte. Prisijunk prie m\u016bs\u0173 ir augink savo karjer\u0105 kartu su TOKS kolektyvu!\" \/>\n<meta name=\"robots\" content=\"index, follow, max-snippet:-1, max-image-preview:large, max-video-preview:-1\" \/>\n<link rel=\"canonical\" href=\"https:\/\/toks.lt\/en\/karjera\/\" \/>\n<meta property=\"og:locale\" content=\"en_US\" \/>\n<meta property=\"og:type\" content=\"article\" \/>\n<meta property=\"og:title\" content=\"Career - Toks.lt\" \/>\n<meta property=\"og:description\" content=\"Karjera su TOKS. Darbas keleivi\u0173 transporte. Prisijunk prie m\u016bs\u0173 ir augink savo karjer\u0105 kartu su TOKS kolektyvu!\" \/>\n<meta property=\"og:url\" content=\"https:\/\/toks.lt\/en\/karjera\/\" \/>\n<meta property=\"og:site_name\" content=\"Toks.lt\" \/>\n<meta property=\"article:publisher\" content=\"https:\/\/www.facebook.com\/TOKS.LT\/\" \/>\n<meta property=\"article:modified_time\" content=\"2025-10-17T10:40:52+00:00\" \/>\n<meta property=\"og:image\" content=\"https:\/\/toks.lt\/wp-content\/uploads\/2023\/10\/toks.lt-puslapiu-headeriai-18.png\" \/>\n\t<meta property=\"og:image:width\" content=\"1920\" \/>\n\t<meta property=\"og:image:height\" content=\"241\" \/>\n\t<meta property=\"og:image:type\" content=\"image\/png\" \/>\n<meta name=\"twitter:card\" content=\"summary_large_image\" \/>\n<meta name=\"twitter:label1\" content=\"Est. reading time\" \/>\n\t<meta name=\"twitter:data1\" content=\"1 minute\" \/>\n<script type=\"application\/ld+json\" class=\"yoast-schema-graph\">{\"@context\":\"https:\\\/\\\/schema.org\",\"@graph\":[{\"@type\":\"WebPage\",\"@id\":\"https:\\\/\\\/toks.lt\\\/en\\\/karjera\\\/\",\"url\":\"https:\\\/\\\/toks.lt\\\/en\\\/karjera\\\/\",\"name\":\"Career - Toks.lt\",\"isPartOf\":{\"@id\":\"https:\\\/\\\/toks.lt\\\/en\\\/#website\"},\"primaryImageOfPage\":{\"@id\":\"https:\\\/\\\/toks.lt\\\/en\\\/karjera\\\/#primaryimage\"},\"image\":{\"@id\":\"https:\\\/\\\/toks.lt\\\/karjera\\\/#primaryimage\"},\"thumbnailUrl\":\"https:\\\/\\\/toks.lt\\\/wp-content\\\/uploads\\\/2023\\\/10\\\/toks.lt-puslapiu-headeriai-18.png\",\"datePublished\":\"2018-08-20T07:47:28+00:00\",\"dateModified\":\"2025-10-17T10:40:52+00:00\",\"description\":\"Karjera su TOKS. Darbas keleivi\u0173 transporte. Prisijunk prie m\u016bs\u0173 ir augink savo karjer\u0105 kartu su TOKS kolektyvu!\",\"breadcrumb\":{\"@id\":\"https:\\\/\\\/toks.lt\\\/en\\\/karjera\\\/#breadcrumb\"},\"inLanguage\":\"en-US\",\"potentialAction\":[{\"@type\":\"ReadAction\",\"target\":[[\"https:\\\/\\\/toks.lt\\\/en\\\/karjera\\\/\"]]}]},{\"@type\":\"ImageObject\",\"inLanguage\":\"en-US\",\"@id\":\"https:\\\/\\\/toks.lt\\\/en\\\/karjera\\\/#primaryimage\",\"url\":\"https:\\\/\\\/toks.lt\\\/wp-content\\\/uploads\\\/2023\\\/10\\\/toks.lt-puslapiu-headeriai-18.png\",\"contentUrl\":\"https:\\\/\\\/toks.lt\\\/wp-content\\\/uploads\\\/2023\\\/10\\\/toks.lt-puslapiu-headeriai-18.png\",\"width\":1920,\"height\":241},{\"@type\":\"BreadcrumbList\",\"@id\":\"https:\\\/\\\/toks.lt\\\/en\\\/karjera\\\/#breadcrumb\",\"itemListElement\":[{\"@type\":\"ListItem\",\"position\":1,\"name\":\"Home\",\"item\":\"https:\\\/\\\/toks.lt\\\/en\\\/\"},{\"@type\":\"ListItem\",\"position\":2,\"name\":\"Karjera\"}]},{\"@type\":\"WebSite\",\"@id\":\"https:\\\/\\\/toks.lt\\\/en\\\/#website\",\"url\":\"https:\\\/\\\/toks.lt\\\/en\\\/\",\"name\":\"Toks.lt\",\"description\":\"UAB &quot;Tolimojo keleivinio transporto kompanija&quot;\",\"potentialAction\":[{\"@type\":\"SearchAction\",\"target\":{\"@type\":\"EntryPoint\",\"urlTemplate\":\"https:\\\/\\\/toks.lt\\\/en\\\/?s={search_term_string}\"},\"query-input\":{\"@type\":\"PropertyValueSpecification\",\"valueRequired\":true,\"valueName\":\"search_term_string\"}}],\"inLanguage\":\"en-US\"}]}<\/script>\n<!-- \/ Yoast SEO plugin. -->","yoast_head_json":{"title":"Career - Toks.lt","description":"Karjera su TOKS. Darbas keleivi\u0173 transporte. Prisijunk prie m\u016bs\u0173 ir augink savo karjer\u0105 kartu su TOKS kolektyvu!","robots":{"index":"index","follow":"follow","max-snippet":"max-snippet:-1","max-image-preview":"max-image-preview:large","max-video-preview":"max-video-preview:-1"},"canonical":"https:\/\/toks.lt\/en\/karjera\/","og_locale":"en_US","og_type":"article","og_title":"Career - Toks.lt","og_description":"Karjera su TOKS. Darbas keleivi\u0173 transporte. Prisijunk prie m\u016bs\u0173 ir augink savo karjer\u0105 kartu su TOKS kolektyvu!","og_url":"https:\/\/toks.lt\/en\/karjera\/","og_site_name":"Toks.lt","article_publisher":"https:\/\/www.facebook.com\/TOKS.LT\/","article_modified_time":"2025-10-17T10:40:52+00:00","og_image":[{"width":1920,"height":241,"url":"https:\/\/toks.lt\/wp-content\/uploads\/2023\/10\/toks.lt-puslapiu-headeriai-18.png","type":"image\/png"}],"twitter_card":"summary_large_image","twitter_misc":{"Est. reading time":"1 minute"},"schema":{"@context":"https:\/\/schema.org","@graph":[{"@type":"WebPage","@id":"https:\/\/toks.lt\/en\/karjera\/","url":"https:\/\/toks.lt\/en\/karjera\/","name":"Career - Toks.lt","isPartOf":{"@id":"https:\/\/toks.lt\/en\/#website"},"primaryImageOfPage":{"@id":"https:\/\/toks.lt\/en\/karjera\/#primaryimage"},"image":{"@id":"https:\/\/toks.lt\/karjera\/#primaryimage"},"thumbnailUrl":"https:\/\/toks.lt\/wp-content\/uploads\/2023\/10\/toks.lt-puslapiu-headeriai-18.png","datePublished":"2018-08-20T07:47:28+00:00","dateModified":"2025-10-17T10:40:52+00:00","description":"Karjera su TOKS. Darbas keleivi\u0173 transporte. Prisijunk prie m\u016bs\u0173 ir augink savo karjer\u0105 kartu su TOKS kolektyvu!","breadcrumb":{"@id":"https:\/\/toks.lt\/en\/karjera\/#breadcrumb"},"inLanguage":"en-US","potentialAction":[{"@type":"ReadAction","target":[["https:\/\/toks.lt\/en\/karjera\/"]]}]},{"@type":"ImageObject","inLanguage":"en-US","@id":"https:\/\/toks.lt\/en\/karjera\/#primaryimage","url":"https:\/\/toks.lt\/wp-content\/uploads\/2023\/10\/toks.lt-puslapiu-headeriai-18.png","contentUrl":"https:\/\/toks.lt\/wp-content\/uploads\/2023\/10\/toks.lt-puslapiu-headeriai-18.png","width":1920,"height":241},{"@type":"BreadcrumbList","@id":"https:\/\/toks.lt\/en\/karjera\/#breadcrumb","itemListElement":[{"@type":"ListItem","position":1,"name":"Home","item":"https:\/\/toks.lt\/en\/"},{"@type":"ListItem","position":2,"name":"Karjera"}]},{"@type":"WebSite","@id":"https:\/\/toks.lt\/en\/#website","url":"https:\/\/toks.lt\/en\/","name":"Toks.lt","description":"UAB &quot;Tolimojo keleivinio transporto kompanija&quot;","potentialAction":[{"@type":"SearchAction","target":{"@type":"EntryPoint","urlTemplate":"https:\/\/toks.lt\/en\/?s={search_term_string}"},"query-input":{"@type":"PropertyValueSpecification","valueRequired":true,"valueName":"search_term_string"}}],"inLanguage":"en-US"}]}},"rttpg_featured_image_url":{"full":["https:\/\/toks.lt\/wp-content\/uploads\/2023\/10\/toks.lt-puslapiu-headeriai-18.png",1920,241,false],"landscape":["https:\/\/toks.lt\/wp-content\/uploads\/2023\/10\/toks.lt-puslapiu-headeriai-18.png",1920,241,false],"portraits":["https:\/\/toks.lt\/wp-content\/uploads\/2023\/10\/toks.lt-puslapiu-headeriai-18.png",1920,241,false],"thumbnail":["https:\/\/toks.lt\/wp-content\/uploads\/2023\/10\/toks.lt-puslapiu-headeriai-18-243x137.png",243,137,true],"medium":["https:\/\/toks.lt\/wp-content\/uploads\/2023\/10\/toks.lt-puslapiu-headeriai-18-365x46.png",365,46,true],"large":["https:\/\/toks.lt\/wp-content\/uploads\/2023\/10\/toks.lt-puslapiu-headeriai-18-1024x129.png",1024,129,true],"1536x1536":["https:\/\/toks.lt\/wp-content\/uploads\/2023\/10\/toks.lt-puslapiu-headeriai-18-1536x193.png",1536,193,true],"2048x2048":["https:\/\/toks.lt\/wp-content\/uploads\/2023\/10\/toks.lt-puslapiu-headeriai-18.png",1920,241,false],"slideshow":["https:\/\/toks.lt\/wp-content\/uploads\/2023\/10\/toks.lt-puslapiu-headeriai-18.png",1920,241,false],"promo":["https:\/\/toks.lt\/wp-content\/uploads\/2023\/10\/toks.lt-puslapiu-headeriai-18-190x80.png",190,80,true],"pramogos":["https:\/\/toks.lt\/wp-content\/uploads\/2023\/10\/toks.lt-puslapiu-headeriai-18-812x241.png",812,241,true],"bus":["https:\/\/toks.lt\/wp-content\/uploads\/2023\/10\/toks.lt-puslapiu-headeriai-18-812x241.png",812,241,true],"article-view":["https:\/\/toks.lt\/wp-content\/uploads\/2023\/10\/toks.lt-puslapiu-headeriai-18-280x156.png",280,156,true]},"rttpg_author":{"display_name":"TOKS","author_link":"https:\/\/toks.lt\/en\/autorius\/admin\/"},"rttpg_comment":0,"rttpg_category":null,"rttpg_excerpt":"Career at TOKS Want to work at a constantly growing community? Join us! &nbsp; We are currently looking for*: &#8211; Bus drivers; &#8211; Mechanics; &#8211; Junior mechanics; &#8211; Bus polishers; \u2026","_links":{"self":[{"href":"https:\/\/toks.lt\/en\/wp-json\/wp\/v2\/pages\/115","targetHints":{"allow":["GET"]}}],"collection":[{"href":"https:\/\/toks.lt\/en\/wp-json\/wp\/v2\/pages"}],"about":[{"href":"https:\/\/toks.lt\/en\/wp-json\/wp\/v2\/types\/page"}],"author":[{"embeddable":true,"href":"https:\/\/toks.lt\/en\/wp-json\/wp\/v2\/users\/3"}],"replies":[{"embeddable":true,"href":"https:\/\/toks.lt\/en\/wp-json\/wp\/v2\/comments?post=115"}],"version-history":[{"count":9,"href":"https:\/\/toks.lt\/en\/wp-json\/wp\/v2\/pages\/115\/revisions"}],"predecessor-version":[{"id":5134,"href":"https:\/\/toks.lt\/en\/wp-json\/wp\/v2\/pages\/115\/revisions\/5134"}],"wp:featuredmedia":[{"embeddable":true,"href":"https:\/\/toks.lt\/en\/wp-json\/wp\/v2\/media\/2035"}],"wp:attachment":[{"href":"https:\/\/toks.lt\/en\/wp-json\/wp\/v2\/media?parent=115"}],"curies":[{"name":"wp","href":"https:\/\/api.w.org\/{rel}","templated":true}]}}